{"id":13537,"date":"2024-11-10T15:10:42","date_gmt":"2024-11-10T15:10:42","guid":{"rendered":"https:\/\/thechannelpress.ca\/?post_type=product&#038;p=13537"},"modified":"2024-12-04T22:39:41","modified_gmt":"2024-12-05T02:39:41","slug":"la-fin-de-limmuable","status":"publish","type":"product","link":"https:\/\/thechannelpress.ca\/fr\/produit\/la-fin-de-limmuable\/","title":{"rendered":"La fin de l&#039;&#039;Immuable"},"content":{"rendered":"<p>Comment envisager notre monde autrement que telle une savante entreprise d\u2019intelligence et de sagesse venues du Nord et de Sud ? L\u2019\u00e9quilibre que propose le roman se b\u00e2tit dans la douleur de l\u2019affrontement des cultures et des couleurs, black, \u00e9b\u00e8ne, ivoire. Il doit se construire, parce que la volont\u00e9 ferme de certains va se dresser contre le conservatisme obsol\u00e8te qui obstrue notre horizon commun. Madie porte en elle cette diversit\u00e9 d\u2019origines qui en fait un \u00eatre hybride. \u00c0 elle seule revient l\u2019image de la plus riche et de la plus fi\u00e8re des mosa\u00efques. La dynamique qu\u2019elle impulse prend sa source dans les chaos et les cahots dont sont victimes les personnages qui l\u2019entourent. G\u00e9n\u00e9reuse alliance de ce que le monde puisse porter, elle, la Camerounaise devenue Euroblack bouscule et tance les pratiques de ses deux univers afri-land-black et euro-pai-en-yen. Celle qui porte en elle l\u2019\u00e9nigme des toponymes qui enrichissent le texte se donne pour mission d\u2019unifier et planifier ces deux univers qu\u2019elle conna\u00eet. L\u2019avenir de tout \u00eatre humain doit se r\u00e9aliser dans un monde o\u00f9 on lui dira partout : tu es chez toi ici!<\/p>","protected":false},"excerpt":{"rendered":"<p>Comment envisager notre monde autrement que telle une savante entreprise d\u2019intelligence et de sagesse venues du Nord et de Sud ? L\u2019\u00e9quilibre que propose le roman se b\u00e2tit dans la douleur de l\u2019affrontement des cultures et des couleurs de peau. Madie porte en elle cette diversit\u00e9 d\u2019origines qui en fait un \u00eatre hybride. L\u2019avenir de tout \u00eatre humain doit se r\u00e9aliser dans un monde o\u00f9 on lui dira partout : tu es chez toi ici !<\/p>","protected":false},"featured_media":14572,"comment_status":"open","ping_status":"closed","template":"","meta":[],"product_brand":[],"product_cat":[77,78],"product_tag":[255,257],"class_list":{"0":"post-13537","1":"product","2":"type-product","3":"status-publish","4":"has-post-thumbnail","6":"product_cat-fiction","7":"product_cat-novels","8":"product_tag-french-francais","9":"product_tag-physical-book","10":"product_author-ngono-aba","12":"first","13":"instock","14":"taxable","15":"shipping-taxable","16":"purchasable","17":"product-type-variable","18":"has-default-attributes"},"_links":{"self":[{"href":"https:\/\/thechannelpress.ca\/fr\/wp-json\/wp\/v2\/product\/13537","targetHints":{"allow":["GET"]}}],"collection":[{"href":"https:\/\/thechannelpress.ca\/fr\/wp-json\/wp\/v2\/product"}],"about":[{"href":"https:\/\/thechannelpress.ca\/fr\/wp-json\/wp\/v2\/types\/product"}],"replies":[{"embeddable":true,"href":"https:\/\/thechannelpress.ca\/fr\/wp-json\/wp\/v2\/comments?post=13537"}],"wp:featuredmedia":[{"embeddable":true,"href":"https:\/\/thechannelpress.ca\/fr\/wp-json\/wp\/v2\/media\/14572"}],"wp:attachment":[{"href":"https:\/\/thechannelpress.ca\/fr\/wp-json\/wp\/v2\/media?parent=13537"}],"wp:term":[{"taxonomy":"product_brand","embeddable":true,"href":"https:\/\/thechannelpress.ca\/fr\/wp-json\/wp\/v2\/product_brand?post=13537"},{"taxonomy":"product_cat","embeddable":true,"href":"https:\/\/thechannelpress.ca\/fr\/wp-json\/wp\/v2\/product_cat?post=13537"},{"taxonomy":"product_tag","embeddable":true,"href":"https:\/\/thechannelpress.ca\/fr\/wp-json\/wp\/v2\/product_tag?post=13537"}],"curies":[{"name":"wp","href":"https:\/\/api.w.org\/{rel}","templated":true}]}}