{"id":13539,"date":"2024-11-10T15:10:43","date_gmt":"2024-11-10T15:10:43","guid":{"rendered":"https:\/\/thechannelpress.ca\/?post_type=product&#038;p=13539"},"modified":"2024-12-04T22:36:15","modified_gmt":"2024-12-05T02:36:15","slug":"lexpression-de-la-revolte-dans-le-theatre-daime-cesaire","status":"publish","type":"product","link":"https:\/\/thechannelpress.ca\/fr\/produit\/lexpression-de-la-revolte-dans-le-theatre-daime-cesaire\/","title":{"rendered":"L&#039;expression de la r\u00e9volte dans le th\u00e9\u00e2tre d&#039;&#039;Aim\u00e9 C\u00e9saire"},"content":{"rendered":"<p class=\"p1\" style=\"text-align: justify;\">L\u2019analyse structurale, s\u00e9mantique, id\u00e9ologique et esth\u00e9tique de l\u2019oeuvre d\u2019Aim\u00e9 C\u00e9saire montre que les manifestations de l\u2019ali\u00e9nation dans le th\u00e9\u00e2tre de celui-ci se lisentdans \u00ab le dire et le faire \u00bb des personnages con\u00e7us \u00e0 cet effet. Ces personnages repr\u00e9sentent \u00e0 la fois des figures et des entit\u00e9s historiques reconnues ainsi que des types,des prototypes et des cat\u00e9gories soci\u00e9talement identi fiables. Notre travail r\u00e9v\u00e8le, en effet, comment, parti de l\u2019exp\u00e9rience n\u00e8gre, C\u00e9saire traduit par des propos pertinentsles fondements de l\u2019ali\u00e9nation, \u00e0 travers la mise en sc\u00e8ne de personnages-symboles. Tout en mettant en relief le caract\u00e8re ali\u00e9nant du syst\u00e8me subi par les personnages, le dramaturge invite implicitement, le lecteur-spectateur \u00e0 mieux comprendre et \u00e0 partager sa vision. Une vision dont l\u2019objectif id\u00e9ologique est d\u2019aboutir \u00e0 une v\u00e9ritable libert\u00e9des peuples n\u00e9gro-africains, individuellement et collectivement, pour le plein \u00e9panouissement de tous et de chacun.<\/p>","protected":false},"excerpt":{"rendered":"<p class=\"p1\" style=\"text-align: justify;\">L\u2019analyse structurale, s\u00e9mantique, id\u00e9ologique et esth\u00e9tique de l\u2019\u0153uvre d\u2019Aim\u00e9 C\u00e9saire montre que les manifestations de l\u2019ali\u00e9nation dans le th\u00e9\u00e2tre de celui-ci se lisent dans \u00ab le dire et le faire \u00bb des personnages con\u00e7us \u00e0 cet effet. Ces personnages repr\u00e9sentent \u00e0 la fois des figures et des entit\u00e9s historiques reconnues ainsi que des types, des prototypes et des cat\u00e9gories identifiables. L\u2019objectif id\u00e9ologique de cette \u00e9tude est d\u2019aboutir \u00e0 une v\u00e9ritable libert\u00e9 des peuples n\u00e9gro-africains, pour leur plein \u00e9panouissement.<\/p>","protected":false},"featured_media":13562,"comment_status":"open","ping_status":"closed","template":"","meta":[],"product_brand":[],"product_cat":[79],"product_tag":[255],"class_list":{"0":"post-13539","1":"product","2":"type-product","3":"status-publish","4":"has-post-thumbnail","6":"product_cat-critical-studies-in-literature","7":"product_tag-french-francais","8":"product_author-ngolo-aboudou-soro","10":"first","11":"instock","12":"taxable","13":"shipping-taxable","14":"purchasable","15":"product-type-variable","16":"has-default-attributes"},"_links":{"self":[{"href":"https:\/\/thechannelpress.ca\/fr\/wp-json\/wp\/v2\/product\/13539","targetHints":{"allow":["GET"]}}],"collection":[{"href":"https:\/\/thechannelpress.ca\/fr\/wp-json\/wp\/v2\/product"}],"about":[{"href":"https:\/\/thechannelpress.ca\/fr\/wp-json\/wp\/v2\/types\/product"}],"replies":[{"embeddable":true,"href":"https:\/\/thechannelpress.ca\/fr\/wp-json\/wp\/v2\/comments?post=13539"}],"wp:featuredmedia":[{"embeddable":true,"href":"https:\/\/thechannelpress.ca\/fr\/wp-json\/wp\/v2\/media\/13562"}],"wp:attachment":[{"href":"https:\/\/thechannelpress.ca\/fr\/wp-json\/wp\/v2\/media?parent=13539"}],"wp:term":[{"taxonomy":"product_brand","embeddable":true,"href":"https:\/\/thechannelpress.ca\/fr\/wp-json\/wp\/v2\/product_brand?post=13539"},{"taxonomy":"product_cat","embeddable":true,"href":"https:\/\/thechannelpress.ca\/fr\/wp-json\/wp\/v2\/product_cat?post=13539"},{"taxonomy":"product_tag","embeddable":true,"href":"https:\/\/thechannelpress.ca\/fr\/wp-json\/wp\/v2\/product_tag?post=13539"}],"curies":[{"name":"wp","href":"https:\/\/api.w.org\/{rel}","templated":true}]}}