{"id":13544,"date":"2024-11-10T15:10:44","date_gmt":"2024-11-10T15:10:44","guid":{"rendered":"https:\/\/thechannelpress.ca\/?post_type=product&#038;p=13544"},"modified":"2026-04-24T18:22:54","modified_gmt":"2026-04-24T22:22:54","slug":"ngono-anne-heroine","status":"publish","type":"product","link":"https:\/\/thechannelpress.ca\/fr\/produit\/ngono-anne-heroine\/","title":{"rendered":"Ngono Anne, L&#039;H\u00e9ro\u00efne"},"content":{"rendered":"<div class=\"ewa-rteLine\">Fiction historique, ce roman est bas\u00e9 sur la vie d\u2019Anne Ngono Dominik, fille du Major allemand Hans Dominik, et de Manga Djomo Marie, une Batsenga, la nkukum\u00e9 [reine] des Sanaga. Commandant de la Station de Yaound\u00e9, au Cameroun, \u2018pacificateur\u2019, Dominik reste \u00e0 jamais associ\u00e9 \u00e0 la violence et \u00e0 la brutalit\u00e9 dans ce pays o\u00f9 il s\u00e9vit de la fin du XIXe si\u00e8cle au d\u00e9but du XXe si\u00e8cle.<\/div>\n<div class=\"ewa-rteLine\"><\/div>\n<div class=\"ewa-rteLine\">Les membres du club de lecture de Moncton High School, l\u2019un des plus grands lyc\u00e9es du Nouveau Brunswick, au Canada, \u00e9taient encore tous sous la fascination du roman Ngono Anne, h\u00e9ro\u00efne. C\u2019\u00e9tait leur premier roman \u2018africain\u2019. \u00abJe ne comprends pas pourquoi ce r\u00e9cit ne se trouve pas dans les livres d\u2019histoire ni sur Wikip\u00e9dia ni sur le net. J\u2019avais \u2018googl\u00e9\u2019 Hans Dominik. J\u2019ai trouv\u00e9 des informations sur lui. J\u2019ai ensuite recherch\u00e9 \u2018Ngono Dominik Anne\u2019 dans le net, elle n\u2019y appara\u00eet pas. Je me suis dit que Manga Djomo Marie, sa m\u00e8re, y serait mentionn\u00e9e. Mais rien du tout\u00bb. \u00c0 peine une soixantaine d\u2019ann\u00e9es apr\u00e8s la disparition de cette princesse au destin tragique, l\u2019histoire l\u2019a oubli\u00e9e.<\/div>\n","protected":false},"excerpt":{"rendered":"<p>Fiction historique, ce roman est bas\u00e9 sur la vie d\u2019Anne Ngono Dominik, fille du Major allemand Hans Dominik, et de Manga Djomo Marie, une Batsenga, la reine des Sanaga. Commandant de la Station de Yaound\u00e9, au Cameroun, \u2018pacificateur\u2019, Dominik reste \u00e0 jamais associ\u00e9 \u00e0 la violence et \u00e0 la brutalit\u00e9 dans ce pays o\u00f9 il s\u00e9vit de la fin du XIXe si\u00e8cle au d\u00e9but du XXe si\u00e8cle.<\/p>","protected":false},"featured_media":13567,"comment_status":"open","ping_status":"closed","template":"","meta":[],"product_brand":[],"product_cat":[77,78],"product_tag":[255,257],"class_list":{"0":"post-13544","1":"product","2":"type-product","3":"status-publish","4":"has-post-thumbnail","6":"product_cat-fiction","7":"product_cat-novels","8":"product_tag-french-francais","9":"product_tag-physical-book","10":"product_author-alaka-mbarak","12":"first","13":"instock","14":"taxable","15":"shipping-taxable","16":"purchasable","17":"product-type-variable","18":"has-default-attributes"},"_links":{"self":[{"href":"https:\/\/thechannelpress.ca\/fr\/wp-json\/wp\/v2\/product\/13544","targetHints":{"allow":["GET"]}}],"collection":[{"href":"https:\/\/thechannelpress.ca\/fr\/wp-json\/wp\/v2\/product"}],"about":[{"href":"https:\/\/thechannelpress.ca\/fr\/wp-json\/wp\/v2\/types\/product"}],"replies":[{"embeddable":true,"href":"https:\/\/thechannelpress.ca\/fr\/wp-json\/wp\/v2\/comments?post=13544"}],"wp:featuredmedia":[{"embeddable":true,"href":"https:\/\/thechannelpress.ca\/fr\/wp-json\/wp\/v2\/media\/13567"}],"wp:attachment":[{"href":"https:\/\/thechannelpress.ca\/fr\/wp-json\/wp\/v2\/media?parent=13544"}],"wp:term":[{"taxonomy":"product_brand","embeddable":true,"href":"https:\/\/thechannelpress.ca\/fr\/wp-json\/wp\/v2\/product_brand?post=13544"},{"taxonomy":"product_cat","embeddable":true,"href":"https:\/\/thechannelpress.ca\/fr\/wp-json\/wp\/v2\/product_cat?post=13544"},{"taxonomy":"product_tag","embeddable":true,"href":"https:\/\/thechannelpress.ca\/fr\/wp-json\/wp\/v2\/product_tag?post=13544"}],"curies":[{"name":"wp","href":"https:\/\/api.w.org\/{rel}","templated":true}]}}