{"id":13546,"date":"2024-11-10T15:10:45","date_gmt":"2024-11-10T15:10:45","guid":{"rendered":"https:\/\/thechannelpress.ca\/?post_type=product&#038;p=13546"},"modified":"2025-01-08T10:47:35","modified_gmt":"2025-01-08T14:47:35","slug":"la-superstition","status":"publish","type":"product","link":"https:\/\/thechannelpress.ca\/fr\/produit\/la-superstition\/","title":{"rendered":"La Superstition"},"content":{"rendered":"<p>Cet ouvrage est le fruit d\u2019une longue r\u00e9flexion d\u00e9coulant de notre exp\u00e9rience personnelle en tant que v\u00e9cu individuel dans un environnement chr\u00e9tien nous ayant expos\u00e9 tr\u00e8s t\u00f4t dans une sorte d\u2019ambivalence questionnable : vivre la vie et la foi chr\u00e9tiennes entour\u00e9 des chr\u00e9tiens embourb\u00e9s dans des pratiques superstitieuses en m\u00eame temps qu\u2019ils pr\u00e9tendent \u00eatre de vrais chr\u00e9tiens. T\u00e9moin fid\u00e8le de la vie de tant de chr\u00e9tiens dot\u00e9s de r\u00e9f\u00e9rents bibliques et pratiquant r\u00e9guli\u00e8rement des actes de gr\u00e2ce par les pri\u00e8res, le je\u00fbne, l\u2019\u00e9tude de la parole de Dieu, la louange et l\u2019adoration collective et individuelle, etc., nous avions observ\u00e9 en m\u00eame temps une tendance, une forme de sous-r\u00e9f\u00e9rent, chez ces m\u00eames personnes \u00e0 des pratiques superstitieuses en r\u00e9ponse aux al\u00e9as de la vie : une maladie, un d\u00e9c\u00e8s soudain, l\u2019\u00e9chec scolaire d\u2019un enfant, le concubinage, un accident malheureux, un divorce, une situation permanente de sans emploi, etc. Tout aussi curieux est le fait de constater que plusieurs d\u2019entre ces chr\u00e9tiens sont des gens bien form\u00e9s intellectuellement et pr\u00e9tendent s\u2019attacher \u00e0 la science qui discr\u00e9dite la superstition. Il semble se construire pour ainsi dire une relation qui nous paraissait ill\u00e9gitime entre la foi chr\u00e9tienne v\u00e9cue au quotidien et les pratiques superstitieuses de ces chr\u00e9tiens autour de nous. L\u2019int\u00e9r\u00eat de cette recherche ayant abouti en ouvrage est double : \u00e0 la fois th\u00e9orique, d\u2019une part, pour sa contribution \u00e0 l\u2019\u00e9tude de la superstition; d\u2019autre part, pratique dans la mesure o\u00f9 nous y trouvons des indications sur la n\u00e9cessit\u00e9 d\u2019une vraie prise de conscience de la r\u00e9alit\u00e9 de la superstition ou des pratiques superstitieuses et leur influence nuisible sur la foi et la vie chr\u00e9tiennes. Nous souhaitons une attention particuli\u00e8re aux r\u00e9sultats de cette recherche, en vue d\u2019une invalidation consciente et cons\u00e9quente de ces pratiques superstitieuses sur la base de la priorit\u00e9 accord\u00e9e \u00e0 la parole de Dieu contenue dans la Bible.<\/p>","protected":false},"excerpt":{"rendered":"<p>Cet ouvrage est le fruit d\u2019une longue r\u00e9flexion d\u00e9coulant de notre exp\u00e9rience personnelle en tant que v\u00e9cu individuel dans un environnement chr\u00e9tien nous ayant expos\u00e9 tr\u00e8s t\u00f4t dans une sorte d\u2019ambivalence questionnable: vivre la vie et la foi chr\u00e9tiennes entour\u00e9 des chr\u00e9tiens embourb\u00e9s dans des pratiques superstitieuses en m\u00eame temps qu\u2019ils pr\u00e9tendent \u00eatre de vrais chr\u00e9tiens.<\/p>","protected":false},"featured_media":13571,"comment_status":"open","ping_status":"closed","template":"","meta":[],"product_brand":[],"product_cat":[86],"product_tag":[84,255,257],"class_list":{"0":"post-13546","1":"product","2":"type-product","3":"status-publish","4":"has-post-thumbnail","6":"product_cat-faith-and-conscience","7":"product_tag-ebook","8":"product_tag-french-francais","9":"product_tag-physical-book","10":"product_author-arcene-pierre","12":"first","13":"instock","14":"taxable","15":"shipping-taxable","16":"purchasable","17":"product-type-variable","18":"has-default-attributes"},"_links":{"self":[{"href":"https:\/\/thechannelpress.ca\/fr\/wp-json\/wp\/v2\/product\/13546","targetHints":{"allow":["GET"]}}],"collection":[{"href":"https:\/\/thechannelpress.ca\/fr\/wp-json\/wp\/v2\/product"}],"about":[{"href":"https:\/\/thechannelpress.ca\/fr\/wp-json\/wp\/v2\/types\/product"}],"replies":[{"embeddable":true,"href":"https:\/\/thechannelpress.ca\/fr\/wp-json\/wp\/v2\/comments?post=13546"}],"wp:featuredmedia":[{"embeddable":true,"href":"https:\/\/thechannelpress.ca\/fr\/wp-json\/wp\/v2\/media\/13571"}],"wp:attachment":[{"href":"https:\/\/thechannelpress.ca\/fr\/wp-json\/wp\/v2\/media?parent=13546"}],"wp:term":[{"taxonomy":"product_brand","embeddable":true,"href":"https:\/\/thechannelpress.ca\/fr\/wp-json\/wp\/v2\/product_brand?post=13546"},{"taxonomy":"product_cat","embeddable":true,"href":"https:\/\/thechannelpress.ca\/fr\/wp-json\/wp\/v2\/product_cat?post=13546"},{"taxonomy":"product_tag","embeddable":true,"href":"https:\/\/thechannelpress.ca\/fr\/wp-json\/wp\/v2\/product_tag?post=13546"}],"curies":[{"name":"wp","href":"https:\/\/api.w.org\/{rel}","templated":true}]}}