{"id":13547,"date":"2024-11-10T15:10:45","date_gmt":"2024-11-10T15:10:45","guid":{"rendered":"https:\/\/thechannelpress.ca\/?post_type=product&#038;p=13547"},"modified":"2025-06-01T18:34:03","modified_gmt":"2025-06-01T22:34:03","slug":"la-representation-de-la-tragedie-humaine-dans-la-litterature-des-genocides-du-xxe-siecle","status":"publish","type":"product","link":"https:\/\/thechannelpress.ca\/fr\/produit\/la-representation-de-la-tragedie-humaine-dans-la-litterature-des-genocides-du-xxe-siecle\/","title":{"rendered":"La repr\u00e9sentation de la trag\u00e9die humaine dans la litt\u00e9rature des g\u00e9nocides du XXe si\u00e8cle"},"content":{"rendered":"<p>Comment et dans quel but le roman qui, par d\u00e9finition, s\u2019inscrit dans la fiction parvient-il \u00e0 rendre compte \u00e0 travers ses propres codes des moments sombres de l\u2019humanit\u00e9 comme l\u2019exp\u00e9rience des g\u00e9nocides ? En cherchant \u00e0 r\u00e9pondre \u00e0 cette question, cet ouvrage aborde, avec d\u00e9licatesse et intelligence, la difficile question de la mise en \u00e9criture d\u2019\u00e9v\u00e9nements extr\u00eames qui, loin de banaliser le mal, cherche plut\u00f4t \u00e0 d\u00e9rober \u00e0 l\u2019oubli et au silence des moments terribles de l\u2019histoire humaine. Cette repr\u00e9sentation litt\u00e9raire de l\u2019indicible se d\u00e9veloppe dans un dialogue intime avec des textes romanesques traitant du g\u00e9nocide des Arm\u00e9niens, des Juifs, des Tutsi et des Bosniaques. Et, c\u2019est \u00e0 travers des modalit\u00e9s d\u2019\u00e9nonciation de sujets narratifs et de d\u00e9nonciation des attitudes et comportements humains que les proc\u00e9d\u00e9s litt\u00e9raires s\u2019av\u00e8rent comme une r\u00e9ponse esth\u00e9tique, \u00e9thique, philosophique \u00e0 la lecture de l\u2019Histoire et \u00e0 l\u2019\u00e9laboration des discours sur l\u2019Histoire. \u00c9tant ce lieu privil\u00e9gi\u00e9 de rencontre entre singularit\u00e9s et collectivit\u00e9s, l\u2019\u0153uvre romanesque sur l\u2019exp\u00e9rience des g\u00e9nocides qui se nourrit de sa dimension testimoniale et testamentaire met en relief notre responsabilit\u00e9 comme t\u00e9moin et restitue aux victimes et aussi aux \u00e9prouv\u00e9s de la trag\u00e9die humaine leur humanit\u00e9 et leur dignit\u00e9.<\/p>","protected":false},"excerpt":{"rendered":"<p>Comment et dans quel but le roman qui, par d\u00e9finition, s\u2019inscrit dans la fiction parvient-il \u00e0 rendre compte \u00e0 travers ses propres codes des moments sombres de l\u2019humanit\u00e9 comme l\u2019exp\u00e9rience des g\u00e9nocides ? Cet ouvrage aborde, avec d\u00e9licatesse, la difficile question de la mise en \u00e9criture d\u2019\u00e9v\u00e9nements extr\u00eames qui, loin de banaliser le mal, cherche plut\u00f4t \u00e0 d\u00e9rober \u00e0 l\u2019oubli et au silence des moments terribles de l\u2019histoire humaine<\/p>","protected":false},"featured_media":13572,"comment_status":"open","ping_status":"closed","template":"","meta":[],"product_brand":[],"product_cat":[79],"product_tag":[84,255,257],"class_list":{"0":"post-13547","1":"product","2":"type-product","3":"status-publish","4":"has-post-thumbnail","6":"product_cat-critical-studies-in-literature","7":"product_tag-ebook","8":"product_tag-french-francais","9":"product_tag-physical-book","10":"product_author-adiouma-sarr","12":"first","13":"instock","14":"taxable","15":"shipping-taxable","16":"purchasable","17":"product-type-variable","18":"has-default-attributes"},"_links":{"self":[{"href":"https:\/\/thechannelpress.ca\/fr\/wp-json\/wp\/v2\/product\/13547","targetHints":{"allow":["GET"]}}],"collection":[{"href":"https:\/\/thechannelpress.ca\/fr\/wp-json\/wp\/v2\/product"}],"about":[{"href":"https:\/\/thechannelpress.ca\/fr\/wp-json\/wp\/v2\/types\/product"}],"replies":[{"embeddable":true,"href":"https:\/\/thechannelpress.ca\/fr\/wp-json\/wp\/v2\/comments?post=13547"}],"wp:featuredmedia":[{"embeddable":true,"href":"https:\/\/thechannelpress.ca\/fr\/wp-json\/wp\/v2\/media\/13572"}],"wp:attachment":[{"href":"https:\/\/thechannelpress.ca\/fr\/wp-json\/wp\/v2\/media?parent=13547"}],"wp:term":[{"taxonomy":"product_brand","embeddable":true,"href":"https:\/\/thechannelpress.ca\/fr\/wp-json\/wp\/v2\/product_brand?post=13547"},{"taxonomy":"product_cat","embeddable":true,"href":"https:\/\/thechannelpress.ca\/fr\/wp-json\/wp\/v2\/product_cat?post=13547"},{"taxonomy":"product_tag","embeddable":true,"href":"https:\/\/thechannelpress.ca\/fr\/wp-json\/wp\/v2\/product_tag?post=13547"}],"curies":[{"name":"wp","href":"https:\/\/api.w.org\/{rel}","templated":true}]}}