{"id":13548,"date":"2024-11-10T15:10:45","date_gmt":"2024-11-10T15:10:45","guid":{"rendered":"https:\/\/thechannelpress.ca\/?post_type=product&#038;p=13548"},"modified":"2025-08-19T20:22:50","modified_gmt":"2025-08-20T00:22:50","slug":"manga-djomo-ewengue-la-reine-sans-sepulcre","status":"publish","type":"product","link":"https:\/\/thechannelpress.ca\/fr\/produit\/manga-djomo-ewengue-la-reine-sans-sepulcre\/","title":{"rendered":"Manga Djomo Ewengu\u00e9 - La reine sans sepulcre"},"content":{"rendered":"<div class=\"ewa-rteLine\">Manga Ewengu\u00e9 Djomo fut l\u2019antith\u00e8se des femmes de son \u00e9poque de plusieurs mani\u00e8res. Femme forte, elle \u00e9tait la compagne noire qui osait tenir t\u00eate \u00e0 son compagnon, le Major Hans Dominik, l\u2019un des allemands les plus craints de la colonie du \u2018Kamerun\u2019. Manga \u00e9tait la seule femme nkukum\u00e9 (reine) sup\u00e9rieure et collectrice d\u2019imp\u00f4ts pendant l\u2019\u00e9poque allemande. Elle \u00e9leva seule sa fille et r\u00e9gna dans le Mbam, de 1908 \u00e0 sa disparition en 1968. Soixante ann\u00e9es de long\u00e9vit\u00e9 au tr\u00f4ne, malgr\u00e9 les combats. Un jubil\u00e9 de diamant \u00e0 c\u00e9l\u00e9brer. Ne r\u00e9ussit pas un tel exploit qui veut, mais qui peut.<\/div>\n<div><\/div>\n<div class=\"ewa-rteLine\">Enigmatique, malgr\u00e9 ses moyens financiers, elle refusa de se faire construire une propri\u00e9t\u00e9 digne de son rang ! Cela lui importait peu d\u2019habiter une maison grandiose.<\/div>","protected":false},"excerpt":{"rendered":"<p>Manga Ewengu\u00e9 Djomo fut l\u2019antith\u00e8se des femmes de son \u00e9poque. Femme forte, elle \u00e9tait la compagne noire qui osa tenir t\u00eate \u00e0 son compagnon, le Major Hans Dominik, l\u2019un des Allemands les plus craints de la colonie du \u2018Kamerun\u2019. Manga \u00e9tait la seule femme nkukum\u00e9 (reine) sup\u00e9rieure et collectrice d\u2019imp\u00f4ts pendant l\u2019\u00e9poque allemande. Elle \u00e9leva seule sa fille et r\u00e9gna dans le Mbam, de 1908 \u00e0 sa disparition en 1968<\/p>","protected":false},"featured_media":14595,"comment_status":"open","ping_status":"closed","template":"","meta":[],"product_brand":[],"product_cat":[77,78],"product_tag":[255,257],"class_list":{"0":"post-13548","1":"product","2":"type-product","3":"status-publish","4":"has-post-thumbnail","6":"product_cat-fiction","7":"product_cat-novels","8":"product_tag-french-francais","9":"product_tag-physical-book","10":"product_author-alaka-mbarak","12":"first","13":"instock","14":"taxable","15":"shipping-taxable","16":"purchasable","17":"product-type-variable","18":"has-default-attributes"},"_links":{"self":[{"href":"https:\/\/thechannelpress.ca\/fr\/wp-json\/wp\/v2\/product\/13548","targetHints":{"allow":["GET"]}}],"collection":[{"href":"https:\/\/thechannelpress.ca\/fr\/wp-json\/wp\/v2\/product"}],"about":[{"href":"https:\/\/thechannelpress.ca\/fr\/wp-json\/wp\/v2\/types\/product"}],"replies":[{"embeddable":true,"href":"https:\/\/thechannelpress.ca\/fr\/wp-json\/wp\/v2\/comments?post=13548"}],"wp:featuredmedia":[{"embeddable":true,"href":"https:\/\/thechannelpress.ca\/fr\/wp-json\/wp\/v2\/media\/14595"}],"wp:attachment":[{"href":"https:\/\/thechannelpress.ca\/fr\/wp-json\/wp\/v2\/media?parent=13548"}],"wp:term":[{"taxonomy":"product_brand","embeddable":true,"href":"https:\/\/thechannelpress.ca\/fr\/wp-json\/wp\/v2\/product_brand?post=13548"},{"taxonomy":"product_cat","embeddable":true,"href":"https:\/\/thechannelpress.ca\/fr\/wp-json\/wp\/v2\/product_cat?post=13548"},{"taxonomy":"product_tag","embeddable":true,"href":"https:\/\/thechannelpress.ca\/fr\/wp-json\/wp\/v2\/product_tag?post=13548"}],"curies":[{"name":"wp","href":"https:\/\/api.w.org\/{rel}","templated":true}]}}