{"id":13551,"date":"2024-11-10T15:10:46","date_gmt":"2024-11-10T15:10:46","guid":{"rendered":"https:\/\/thechannelpress.ca\/?post_type=product&#038;p=13551"},"modified":"2026-03-18T22:56:06","modified_gmt":"2026-03-19T02:56:06","slug":"le-roman-camerounais-de-la-foret-2","status":"publish","type":"product","link":"https:\/\/thechannelpress.ca\/fr\/produit\/le-roman-camerounais-de-la-foret-2\/","title":{"rendered":"Le roman camerounais de la for\u00eat"},"content":{"rendered":"<div class=\"ewa-rteLine\">Le couple Humain-Environnement s\u2019impose dans cette r\u00e9flexion comme une v\u00e9rit\u00e9 intrins\u00e8que. L\u2019\u00e9criture de l\u2019univers forestier se d\u00e9voile comme une mise en exergue de la richesse du terroir :un \u00e9talage de ce qu\u2019il peut offrir. Cependant, cette exposition m\u00eame annonce, avant l\u2019heure, les blessures qu\u2019on infligera \u00e0 la nature. L\u2019approche \u00e9cologique \u00e0 laquelle s\u2019adonnent les premiers romans de la for\u00eat appara\u00eet d\u00e9j\u00e0 comme une mise en alerte : l\u2019\u00e9cosyst\u00e8me m\u00e9rite d\u2019\u00eatre pr\u00e9serv\u00e9 afin que l\u2019homme continue \u00e0 vivre.<\/div>","protected":false},"excerpt":{"rendered":"<p>Le couple Humain-Environnement s\u2019impose dans cette r\u00e9flexion comme une v\u00e9rit\u00e9 intrins\u00e8que. L\u2019\u00e9criture de l\u2019univers forestier se d\u00e9voile comme une mise en exergue de la richesse du terroir : un \u00e9talage de ce qu\u2019il peut offrir. Cependant, cette exposition m\u00eame annonce, avant l\u2019heure, les blessures qu\u2019on infligera \u00e0 la nature. L\u2019approche \u00e9cologique \u00e0 laquelle s\u2019adonnent les premiers romans de la for\u00eat appara\u00eet d\u00e9j\u00e0 comme une mise en alerte : l\u2019\u00e9cosyst\u00e8me m\u00e9rite d\u2019\u00eatre pr\u00e9serv\u00e9 afin que l\u2019homme continue \u00e0 vivre.<\/p>","protected":false},"featured_media":13561,"comment_status":"open","ping_status":"closed","template":"","meta":[],"product_brand":[],"product_cat":[79],"product_tag":[84,255,257],"class_list":{"0":"post-13551","1":"product","2":"type-product","3":"status-publish","4":"has-post-thumbnail","6":"product_cat-critical-studies-in-literature","7":"product_tag-ebook","8":"product_tag-french-francais","9":"product_tag-physical-book","10":"product_shipping_class-handling-fee","11":"product_author-marie-rose-abomo-maurin","13":"first","14":"instock","15":"taxable","16":"shipping-taxable","17":"purchasable","18":"product-type-variable","19":"has-default-attributes"},"_links":{"self":[{"href":"https:\/\/thechannelpress.ca\/fr\/wp-json\/wp\/v2\/product\/13551","targetHints":{"allow":["GET"]}}],"collection":[{"href":"https:\/\/thechannelpress.ca\/fr\/wp-json\/wp\/v2\/product"}],"about":[{"href":"https:\/\/thechannelpress.ca\/fr\/wp-json\/wp\/v2\/types\/product"}],"replies":[{"embeddable":true,"href":"https:\/\/thechannelpress.ca\/fr\/wp-json\/wp\/v2\/comments?post=13551"}],"wp:featuredmedia":[{"embeddable":true,"href":"https:\/\/thechannelpress.ca\/fr\/wp-json\/wp\/v2\/media\/13561"}],"wp:attachment":[{"href":"https:\/\/thechannelpress.ca\/fr\/wp-json\/wp\/v2\/media?parent=13551"}],"wp:term":[{"taxonomy":"product_brand","embeddable":true,"href":"https:\/\/thechannelpress.ca\/fr\/wp-json\/wp\/v2\/product_brand?post=13551"},{"taxonomy":"product_cat","embeddable":true,"href":"https:\/\/thechannelpress.ca\/fr\/wp-json\/wp\/v2\/product_cat?post=13551"},{"taxonomy":"product_tag","embeddable":true,"href":"https:\/\/thechannelpress.ca\/fr\/wp-json\/wp\/v2\/product_tag?post=13551"}],"curies":[{"name":"wp","href":"https:\/\/api.w.org\/{rel}","templated":true}]}}