{"id":13558,"date":"2024-11-10T15:10:47","date_gmt":"2024-11-10T15:10:47","guid":{"rendered":"https:\/\/thechannelpress.ca\/?post_type=product&#038;p=13558"},"modified":"2025-08-19T20:22:51","modified_gmt":"2025-08-20T00:22:51","slug":"ces-bouts-de-vies-de-femmes-enfouis","status":"publish","type":"product","link":"https:\/\/thechannelpress.ca\/fr\/produit\/ces-bouts-de-vies-de-femmes-enfouis\/","title":{"rendered":"Ces bouts de vies de femmes enfouis"},"content":{"rendered":"<div class=\"ewa-rteLine\">\u00c0 la prochaine rencontre hebdomadaire avec M. L\u00e9vesque, Biako lui exprima une envie : faire un tour au parc. Cette requ\u00eate intrigua son directeur de th\u00e8se qui savait que les jardins ne lui disaient rien. En effet, \u00e0 travers leurs nombreux conversations et \u00e9changes, il avait appris \u00e0 mieux la conna\u00eetre. Il remarqua qu\u2019elle \u00e9tait moins enjou\u00e9e que d\u2019habitude. Elle semblait pensive. Arriv\u00e9s au parc, il choisit un banc en fer \u00e0 l\u2019\u00e9cart de l\u2019all\u00e9e principale. \u00c0 peine assis, Biako mit M. L\u00e9vesque au courant de la tournure des \u00e9v\u00e8nements. Sa famille, celle de son mari, et m\u00eame ce dernier \u00e9taient contre son intention de rester plus longtemps loin de sa jeune famille. Que fait-on quand on est confront\u00e9 \u00e0 un choix difficile ? Rentrer retrouver son mari Bikya\u00e9 et son jeune ls, Massina, \u00e2g\u00e9 de trois ans seulement, et cet exquis parfum d\u2019ohuw\u00e9 onumb\u00e9, citronnelle, qui o e dans l\u2019air dans son foyer ? Ou bien prolonger son s\u00e9jour \u00e0 Montr\u00e9al au risque de perdre toute sa famille ? Biako, jeune Africaine, r\u00e9cipiendaire d\u2019une bourse de ma\u00eetrise en 1964, doit prendre une d\u00e9cision des plus douloureuse. Allait-elle tourner le dos \u00e0 une g\u00e9n\u00e9reuse bourse de l\u2019Universit\u00e9 McGill conduisant au doctorat ? Son r\u00eave de toujours : \u00eatre la premi\u00e8re femme docteure en histoire nord-am\u00e9ricaine en Afrique centrale, se r\u00e9aliserait-il ? Quelle que soit la d\u00e9cision prise, elle sera lourde de cons\u00e9quences.<\/div>\n<div class=\"ewa-rteLine\"><\/div>\n<div class=\"ewa-rteLine\">Cinquante ans plus tard, le s\u00e9jour de la jeune femme dans le Montr\u00e9al de la R\u00e9volution tranquille, du Flower Power, de la libert\u00e9, de la g\u00e9n\u00e9ration \u2018Stonewall\u2019, reste toujours entour\u00e9 de myst\u00e8re.<\/div>","protected":false},"excerpt":{"rendered":"<p>S\u2019adressant \u00e0 M. L\u00e9vesque, Biako lui expliqua la situation. Son mari et les deux familles \u00e9taient contre son intention de prolonger son s\u00e9jour \u00e0 Montr\u00e9al. Que faire ? Rentrer retrouver son mari et son fils de trois ans et tourner le dos \u00e0 une g\u00e9n\u00e9reuse bourse de doctorat de l\u2019Universit\u00e9 McGill ? Ou rester au risque de perdre toute sa famille?<\/p>","protected":false},"featured_media":14589,"comment_status":"open","ping_status":"closed","template":"","meta":[],"product_brand":[],"product_cat":[77,78],"product_tag":[84,255,257],"class_list":{"0":"post-13558","1":"product","2":"type-product","3":"status-publish","4":"has-post-thumbnail","6":"product_cat-fiction","7":"product_cat-novels","8":"product_tag-ebook","9":"product_tag-french-francais","10":"product_tag-physical-book","11":"product_author-alaka-mbarak","13":"first","14":"instock","15":"taxable","16":"shipping-taxable","17":"purchasable","18":"product-type-variable","19":"has-default-attributes"},"_links":{"self":[{"href":"https:\/\/thechannelpress.ca\/fr\/wp-json\/wp\/v2\/product\/13558","targetHints":{"allow":["GET"]}}],"collection":[{"href":"https:\/\/thechannelpress.ca\/fr\/wp-json\/wp\/v2\/product"}],"about":[{"href":"https:\/\/thechannelpress.ca\/fr\/wp-json\/wp\/v2\/types\/product"}],"replies":[{"embeddable":true,"href":"https:\/\/thechannelpress.ca\/fr\/wp-json\/wp\/v2\/comments?post=13558"}],"wp:featuredmedia":[{"embeddable":true,"href":"https:\/\/thechannelpress.ca\/fr\/wp-json\/wp\/v2\/media\/14589"}],"wp:attachment":[{"href":"https:\/\/thechannelpress.ca\/fr\/wp-json\/wp\/v2\/media?parent=13558"}],"wp:term":[{"taxonomy":"product_brand","embeddable":true,"href":"https:\/\/thechannelpress.ca\/fr\/wp-json\/wp\/v2\/product_brand?post=13558"},{"taxonomy":"product_cat","embeddable":true,"href":"https:\/\/thechannelpress.ca\/fr\/wp-json\/wp\/v2\/product_cat?post=13558"},{"taxonomy":"product_tag","embeddable":true,"href":"https:\/\/thechannelpress.ca\/fr\/wp-json\/wp\/v2\/product_tag?post=13558"}],"curies":[{"name":"wp","href":"https:\/\/api.w.org\/{rel}","templated":true}]}}