{"id":13559,"date":"2024-11-10T15:10:47","date_gmt":"2024-11-10T15:10:47","guid":{"rendered":"https:\/\/thechannelpress.ca\/?post_type=product&#038;p=13559"},"modified":"2025-08-19T20:22:49","modified_gmt":"2025-08-20T00:22:49","slug":"pacification-ou-lappel-a-la-violence","status":"publish","type":"product","link":"https:\/\/thechannelpress.ca\/fr\/produit\/pacification-ou-lappel-a-la-violence\/","title":{"rendered":"Pacification ou l'appel \u00e0 la violence"},"content":{"rendered":"<div class=\"ewa-rteLine\">\n<div class=\"ewa-rteLine\">Le commandant donna l\u2019ordre \u00e0 l\u2019escouade de la mort d\u2019actionner leurs machines \u00e0 cr\u00e9er des veuves et des orphelins. Les balles s\u2019abattirent sur la foule comme une temp\u00eate de gr\u00eale. Hader et sa solda-tesque \u00e9taient satisfaits de leur forfait accompli. Cet officier sup\u00e9rieur ne souffrait pas qu\u2019on lui r\u00e9sist\u00e2t.<\/div>\n<div class=\"ewa-rteLine\"><\/div>\n<div class=\"ewa-rteLine\">En tant que chef de la Station de Yaound\u00e9 et archi-tecte de la \u00ab pacification \u00bb durant l\u2019\u00e9poque coloniale, le nom de Hader reste \u00e0 jamais associ\u00e9 \u00e0 la violence et \u00e0 la cruaut\u00e9 dans ce pays o\u00f9 il a s\u00e9vi de la fin du19e si\u00e8cle au d\u00e9but du 20e si\u00e8cle. Ce roman forme avec Ngono Anne, h\u00e9ro\u00efne et Manga Djomo Ewengu\u00e9, la reine sans s\u00e9pulcre, une trilogie, bas\u00e9e sur des personnages et des faits historiques largement inconnus ou m\u00e9connus.<\/div>\n<\/div>","protected":false},"excerpt":{"rendered":"<p>Le commandant donna l\u2019ordre \u00e0 l\u2019escouade de la mort d\u2019actionner leurs machines \u00e0 cr\u00e9er des veuves et des orphelins. Les balles s\u2019abattirent sur la foule comme une temp\u00eate de gr\u00eale. Hader et sa soldatesque \u00e9taient satisfaits de leur forfait accompli. Cet officier sup\u00e9rieur ne souffrait pas qu\u2019on lui r\u00e9sist\u00e2t.<\/p>","protected":false},"featured_media":14597,"comment_status":"open","ping_status":"closed","template":"","meta":[],"product_brand":[],"product_cat":[77,78],"product_tag":[84,255,257],"class_list":{"0":"post-13559","1":"product","2":"type-product","3":"status-publish","4":"has-post-thumbnail","6":"product_cat-fiction","7":"product_cat-novels","8":"product_tag-ebook","9":"product_tag-french-francais","10":"product_tag-physical-book","11":"product_author-alaka-mbarak","13":"first","14":"instock","15":"taxable","16":"shipping-taxable","17":"purchasable","18":"product-type-variable","19":"has-default-attributes"},"_links":{"self":[{"href":"https:\/\/thechannelpress.ca\/fr\/wp-json\/wp\/v2\/product\/13559","targetHints":{"allow":["GET"]}}],"collection":[{"href":"https:\/\/thechannelpress.ca\/fr\/wp-json\/wp\/v2\/product"}],"about":[{"href":"https:\/\/thechannelpress.ca\/fr\/wp-json\/wp\/v2\/types\/product"}],"replies":[{"embeddable":true,"href":"https:\/\/thechannelpress.ca\/fr\/wp-json\/wp\/v2\/comments?post=13559"}],"wp:featuredmedia":[{"embeddable":true,"href":"https:\/\/thechannelpress.ca\/fr\/wp-json\/wp\/v2\/media\/14597"}],"wp:attachment":[{"href":"https:\/\/thechannelpress.ca\/fr\/wp-json\/wp\/v2\/media?parent=13559"}],"wp:term":[{"taxonomy":"product_brand","embeddable":true,"href":"https:\/\/thechannelpress.ca\/fr\/wp-json\/wp\/v2\/product_brand?post=13559"},{"taxonomy":"product_cat","embeddable":true,"href":"https:\/\/thechannelpress.ca\/fr\/wp-json\/wp\/v2\/product_cat?post=13559"},{"taxonomy":"product_tag","embeddable":true,"href":"https:\/\/thechannelpress.ca\/fr\/wp-json\/wp\/v2\/product_tag?post=13559"}],"curies":[{"name":"wp","href":"https:\/\/api.w.org\/{rel}","templated":true}]}}