{"id":14555,"date":"2024-12-02T23:50:54","date_gmt":"2024-12-03T03:50:54","guid":{"rendered":"https:\/\/thechannelpress.ca\/?post_type=product&#038;p=14555"},"modified":"2026-03-18T22:56:05","modified_gmt":"2026-03-19T02:56:05","slug":"regards-africains-sur-la-diaspora-noire","status":"publish","type":"product","link":"https:\/\/thechannelpress.ca\/fr\/produit\/regards-africains-sur-la-diaspora-noire\/","title":{"rendered":"Regards africains sur la diaspora"},"content":{"rendered":"<div class=\"ewa-rteLine\">Que la diaspora, dans ses repr\u00e9sentations de l\u2019origine cherche \u00e0 \u00e9tablir et maintenir les liens avec la patrie de r\u00eave n\u2019a rien de surprenant car tout porte \u00e0 penser que le lieu quitt\u00e9, volontairement ou suivant des contingences politiques, historiques voire naturelles, ne quitte pas le sujet diasporique. Confront\u00e9e \u00e0 une situation de l\u2019entre-deux, cette diaspora, dans son travail de cr\u00e9ation, articule des identit\u00e9s diff\u00e9rentes, des cultures qui s\u2019opposent et une m\u00e9moire diffuse de l\u2019origine. Mais comment cette origine pense-t-elle et repr\u00e9sente-t-elle sa diaspora ? Telle est la question au centre de cet ouvrage collectif, essentiellement consacr\u00e9 \u00e0 l\u2019Afrique. La perception africaine de la diaspora noire suscite des interrogations car, pendant longtemps, les d\u00e9marches qui ont vis\u00e9 \u00e0 instaurer le dialogue entre l\u2019Afrique et sa diaspora se sont faites \u00e0 l\u2019instigation de cette derni\u00e8re.<\/div>\n<div class=\"ewa-rteLine\">Aussi les r\u00e9flexions men\u00e9es dans cet ouvrage interrogent-elles sp\u00e9cifiquement les discours africains relatifs \u00e0 cette part d\u2019Afrique \u00ab hors de ses murs \u00bb dont l\u2019Histoire et les histoires remontent aussi bien \u00e0 une \u00e9poque r\u00e9cente (XXe si\u00e8cle), celle des migrations africaines, qu\u2019\u00e0 une p\u00e9riode plus ancienne (XVIe si\u00e8cle), celle de la d\u00e9portation des Noirs outre Atlantique.<\/div>","protected":false},"excerpt":{"rendered":"<p>Que la diaspora, dans ses repr\u00e9sentations de l\u2019origine cherche \u00e0 \u00e9tablir et maintenir les liens avec la patrie de r\u00eave n\u2019a rien de surprenant car tout porte \u00e0 penser que le lieu quitt\u00e9, volontairement ou suivant des contingences politiques, historiques voire naturelles, ne quitte pas le sujet diasporique. Confront\u00e9e \u00e0 une situation de l\u2019entre-deux, cette diaspora, dans son travail de cr\u00e9ation, articule des identit\u00e9s diff\u00e9rentes, des cultures qui s\u2019opposent et une m\u00e9moire diffuse de l\u2019origine. Mais comment cette origine pense-t-elle et repr\u00e9sente-t-elle sa diaspora ?<\/p>","protected":false},"featured_media":14583,"comment_status":"open","ping_status":"closed","template":"","meta":[],"product_brand":[],"product_cat":[79],"product_tag":[255,257],"class_list":{"0":"post-14555","1":"product","2":"type-product","3":"status-publish","4":"has-post-thumbnail","6":"product_cat-critical-studies-in-literature","7":"product_tag-french-francais","8":"product_tag-physical-book","9":"product_author-a-mia-elise-adjoumani","11":"first","12":"instock","13":"taxable","14":"shipping-taxable","15":"purchasable","16":"product-type-variable","17":"has-default-attributes"},"_links":{"self":[{"href":"https:\/\/thechannelpress.ca\/fr\/wp-json\/wp\/v2\/product\/14555","targetHints":{"allow":["GET"]}}],"collection":[{"href":"https:\/\/thechannelpress.ca\/fr\/wp-json\/wp\/v2\/product"}],"about":[{"href":"https:\/\/thechannelpress.ca\/fr\/wp-json\/wp\/v2\/types\/product"}],"replies":[{"embeddable":true,"href":"https:\/\/thechannelpress.ca\/fr\/wp-json\/wp\/v2\/comments?post=14555"}],"wp:featuredmedia":[{"embeddable":true,"href":"https:\/\/thechannelpress.ca\/fr\/wp-json\/wp\/v2\/media\/14583"}],"wp:attachment":[{"href":"https:\/\/thechannelpress.ca\/fr\/wp-json\/wp\/v2\/media?parent=14555"}],"wp:term":[{"taxonomy":"product_brand","embeddable":true,"href":"https:\/\/thechannelpress.ca\/fr\/wp-json\/wp\/v2\/product_brand?post=14555"},{"taxonomy":"product_cat","embeddable":true,"href":"https:\/\/thechannelpress.ca\/fr\/wp-json\/wp\/v2\/product_cat?post=14555"},{"taxonomy":"product_tag","embeddable":true,"href":"https:\/\/thechannelpress.ca\/fr\/wp-json\/wp\/v2\/product_tag?post=14555"}],"curies":[{"name":"wp","href":"https:\/\/api.w.org\/{rel}","templated":true}]}}