{"id":14909,"date":"2025-08-19T20:18:08","date_gmt":"2025-08-20T00:18:08","guid":{"rendered":"https:\/\/thechannelpress.ca\/?post_type=product&#038;p=14909"},"modified":"2026-01-26T20:45:08","modified_gmt":"2026-01-27T00:45:08","slug":"what-if-africa-dared","status":"publish","type":"product","link":"https:\/\/thechannelpress.ca\/fr\/produit\/what-if-africa-dared\/","title":{"rendered":"Que faire si l&#039;Afrique a os\u00e9. Linguistiques moyen de sortir"},"content":{"rendered":"<p>Vignon voit la construction d&#039;une Afrique linguistique de l&#039;union comme la cl\u00e9 de l&#039;am\u00e9lioration de la qualit\u00e9 de vie de beaucoup, sinon la totalit\u00e9, sur le continent. <em>Que faire si l&#039;Afrique a Os\u00e9?<\/em> est une \u00e9tude qui est d&#039;un grand appel \u00e0 une vari\u00e9t\u00e9 de interdisciplinaire de chercheurs. Vignon expertise en tant que linguiste brille \u00e0 travers, mais les lecteurs aussi vite d\u00e9couvrir les nombreuses dimensions de ce chercheur \u00e9mergent pertinente et en temps opportun de la recherche. Ce travail sera certainement de laisser son empreinte sur le champ des \u00e9tudes Africaines, en particulier dans les langues Africaines, mais aussi dans d&#039;autres domaines. Vignon a r\u00e9introduit avec succ\u00e8s le th\u00e8me de la un pan-Africaine de l&#039;unit\u00e9 \u00e0 travers une grande partie \u00e9tude linguistique, et il est en mesure d&#039;atteindre son objectif en raison de l&#039;Afro-\u0153il central qu&#039;il apporte \u00e0 cette recherche. Bien que form\u00e9 en partie aux \u00c9tats-unis, Vignon et son parcours intellectuel n&#039;ont pas \u00e9t\u00e9 enti\u00e8rement occidentalis\u00e9 et il est, en fait, sa capacit\u00e9 \u00e0 combiner les deux sph\u00e8res de la connaissance et de la pens\u00e9e dans une savante \u00e9tude qui lui permet de pr\u00e9senter un meilleur argument convaincant.<\/p>","protected":false},"excerpt":{"rendered":"<p>Un officiel de la linguistique de l&#039;union d&#039;Afrique des nations, comme le Dr Maxime Vignon propose, est un original et pratique fa\u00e7on d&#039;aborder le continent Africain est pass\u00e9 colonial dans une lutte pour identifier national et panafricain langues que vraiment unir les citoyens de certaines nations, au lieu de les diviser. Comme Vignon le dit clairement, l&#039;id\u00e9e d&#039;un \u201cEtats-unis d&#039;Afrique\u201d de toutes sortes n&#039;est pas une id\u00e9e nouvelle, mais Vignon proposition contient un \u00e9l\u00e9ment novateur qui n&#039;a pas d\u00e9j\u00e0 \u00e9t\u00e9 articul\u00e9 de cette mani\u00e8re par les premi\u00e8res g\u00e9n\u00e9rations d&#039;intellectuels Africains comme Nyerere, Nkrumah, Cheikh Anta Diop.<\/p>","protected":false},"featured_media":14911,"comment_status":"open","ping_status":"closed","template":"","meta":[],"product_brand":[],"product_cat":[315],"product_tag":[256,257],"class_list":{"0":"post-14909","1":"product","2":"type-product","3":"status-publish","4":"has-post-thumbnail","6":"product_cat-socio-linguistic-studies","7":"product_tag-english","8":"product_tag-physical-book","9":"product_author-maxime-vignon","11":"first","12":"instock","13":"taxable","14":"shipping-taxable","15":"purchasable","16":"product-type-variable","17":"has-default-attributes"},"_links":{"self":[{"href":"https:\/\/thechannelpress.ca\/fr\/wp-json\/wp\/v2\/product\/14909","targetHints":{"allow":["GET"]}}],"collection":[{"href":"https:\/\/thechannelpress.ca\/fr\/wp-json\/wp\/v2\/product"}],"about":[{"href":"https:\/\/thechannelpress.ca\/fr\/wp-json\/wp\/v2\/types\/product"}],"replies":[{"embeddable":true,"href":"https:\/\/thechannelpress.ca\/fr\/wp-json\/wp\/v2\/comments?post=14909"}],"wp:featuredmedia":[{"embeddable":true,"href":"https:\/\/thechannelpress.ca\/fr\/wp-json\/wp\/v2\/media\/14911"}],"wp:attachment":[{"href":"https:\/\/thechannelpress.ca\/fr\/wp-json\/wp\/v2\/media?parent=14909"}],"wp:term":[{"taxonomy":"product_brand","embeddable":true,"href":"https:\/\/thechannelpress.ca\/fr\/wp-json\/wp\/v2\/product_brand?post=14909"},{"taxonomy":"product_cat","embeddable":true,"href":"https:\/\/thechannelpress.ca\/fr\/wp-json\/wp\/v2\/product_cat?post=14909"},{"taxonomy":"product_tag","embeddable":true,"href":"https:\/\/thechannelpress.ca\/fr\/wp-json\/wp\/v2\/product_tag?post=14909"}],"curies":[{"name":"wp","href":"https:\/\/api.w.org\/{rel}","templated":true}]}}