{"id":14913,"date":"2025-08-19T20:23:26","date_gmt":"2025-08-20T00:23:26","guid":{"rendered":"https:\/\/thechannelpress.ca\/?post_type=product&#038;p=14913"},"modified":"2026-03-18T22:56:05","modified_gmt":"2026-03-19T02:56:05","slug":"shining-the-light","status":"publish","type":"product","link":"https:\/\/thechannelpress.ca\/fr\/produit\/shining-the-light\/","title":{"rendered":"Brille la Lumi\u00e8re. Une dur\u00e9e de vie de la r\u00e9silience, de la cr\u00e9ativit\u00e9 et de l&#039;impact"},"content":{"rendered":"<p>\u00c0 partir d&#039;un petit village du Cameroun \u00e0 l&#039;animation des rues de l&#039;Europe, Brille la Lumi\u00e8re est un tr\u00e8s \u00e9mouvant coming-of-age histoire de r\u00e9silience, de l&#039;ambition et de la d\u00e9couverte de soi. N\u00e9 avec la dr\u00e9panocytose: une condition \u00e0 chaque \u00e9tape de son voyage le plus difficile\u2014le protagoniste refuse de laisser son diagnostic de d\u00e9finir son avenir. Avec le soutien ind\u00e9fectible de la famille et une volont\u00e9 acharn\u00e9e de l&#039;excellence acad\u00e9mique, il navigue transitions culturelles, de probl\u00e8mes personnels, et la recherche d&#039;opportunit\u00e9s au-del\u00e0 des limites impos\u00e9es par son \u00e9tat de sant\u00e9 et les circonstances. Dans le contexte des changements politiques et sociaux, Brille la Lumi\u00e8re est une source d&#039;inspiration t\u00e9moigne de la pers\u00e9v\u00e9rance, le pouvoir de l&#039;\u00e9ducation, et l&#039;incassable esprit humain. Ashu Egbe est captivant, c&#039;est une histoire d&#039;un triomphe de plus de d\u00e9termination que tout au long de d\u00e9fi. Il raconte comment il brille de sa lumi\u00e8re la navigation d&#039;un solitaire personnels tunnel, de m\u00eame que ceux autour de lui de motiver, d&#039;empathie, d&#039;amour et de soutien \u00e0 la r\u00e9ussite, dont il est le seul qui peut garantir, et le succ\u00e8s qu&#039;il livre avec brio.<\/p>","protected":false},"excerpt":{"rendered":"<p>Ce n&#039;est pas seulement un m\u00e9moire; c&#039;est une lettre d&#039;amour \u00e0 la r\u00e9silience de l&#039;esprit humain et le lien sacr\u00e9 entre un enfant et sa grand-m\u00e8re. Ashu Egbe de l&#039;histoire est une lanterne pour nous tous de la navigation de la douleur, de l&#039;identit\u00e9, et le but. Ses paroles m&#039;\u00e9mut profond\u00e9ment, en tant que m\u00e8re, en tant que gu\u00e9risseur, et comme un t\u00e9moignage de la fa\u00e7on dont la lumi\u00e8re survit m\u00eame dans les endroits les plus sombres. Je vais r\u00e9aliser ce livre dans mon c\u0153ur.<\/p>","protected":false},"featured_media":14915,"comment_status":"open","ping_status":"closed","template":"","meta":[],"product_brand":[],"product_cat":[319],"product_tag":[256,257],"class_list":{"0":"post-14913","1":"product","2":"type-product","3":"status-publish","4":"has-post-thumbnail","6":"product_cat-life-journeys","7":"product_tag-english","8":"product_tag-physical-book","9":"product_author-ashu-egbe","11":"first","12":"instock","13":"taxable","14":"shipping-taxable","15":"purchasable","16":"product-type-variable","17":"has-default-attributes"},"_links":{"self":[{"href":"https:\/\/thechannelpress.ca\/fr\/wp-json\/wp\/v2\/product\/14913","targetHints":{"allow":["GET"]}}],"collection":[{"href":"https:\/\/thechannelpress.ca\/fr\/wp-json\/wp\/v2\/product"}],"about":[{"href":"https:\/\/thechannelpress.ca\/fr\/wp-json\/wp\/v2\/types\/product"}],"replies":[{"embeddable":true,"href":"https:\/\/thechannelpress.ca\/fr\/wp-json\/wp\/v2\/comments?post=14913"}],"wp:featuredmedia":[{"embeddable":true,"href":"https:\/\/thechannelpress.ca\/fr\/wp-json\/wp\/v2\/media\/14915"}],"wp:attachment":[{"href":"https:\/\/thechannelpress.ca\/fr\/wp-json\/wp\/v2\/media?parent=14913"}],"wp:term":[{"taxonomy":"product_brand","embeddable":true,"href":"https:\/\/thechannelpress.ca\/fr\/wp-json\/wp\/v2\/product_brand?post=14913"},{"taxonomy":"product_cat","embeddable":true,"href":"https:\/\/thechannelpress.ca\/fr\/wp-json\/wp\/v2\/product_cat?post=14913"},{"taxonomy":"product_tag","embeddable":true,"href":"https:\/\/thechannelpress.ca\/fr\/wp-json\/wp\/v2\/product_tag?post=14913"}],"curies":[{"name":"wp","href":"https:\/\/api.w.org\/{rel}","templated":true}]}}