{"id":14919,"date":"2025-12-08T21:43:52","date_gmt":"2025-12-09T01:43:52","guid":{"rendered":"https:\/\/thechannelpress.ca\/?post_type=product&#038;p=14919"},"modified":"2026-01-26T20:51:25","modified_gmt":"2026-01-27T00:51:25","slug":"ecoute-voici-mon-histoire","status":"publish","type":"product","link":"https:\/\/thechannelpress.ca\/fr\/produit\/ecoute-voici-mon-histoire\/","title":{"rendered":"\u00c9coute, voici mon histoire"},"content":{"rendered":"<p>Sous forme d\u2019\u00e9changes conversationnels, enjou\u00e9s et \u00e9motionnels, un p\u00e8re ouvre son c\u0153ur \u00e0 ses enfants, sur les \u00e9preuves qui ont jalonn\u00e9 son chemin et la cl\u00e9 de son succ\u00e8s.\u00a0 Le narrateur donne un r\u00e9cit autobiographique de sa vie face aux d\u00e9fis actuels si similaires aux siens plusieurs ann\u00e9es auparavant.\u00a0 Ce r\u00e9cit qui aurait pu s\u2019intituler \u2018M\u00e9moires d\u2019un homme heureux\u2019, r\u00e9v\u00e8le des v\u00e9rit\u00e9s parfaitement cach\u00e9es \u00e0 travers ce r\u00e9cit autobiographique. Ce r\u00e9cit s\u2019adresse aux personnes de tous les horizons ind\u00e9pendamment de l\u2019\u00e2ge, de la situation socio-\u00e9conomique et des croyances<\/p>","protected":false},"excerpt":{"rendered":"<p>Le narrateur qui a v\u00e9cu dans de nombreux pays et en a visit\u00e9 davantage\u00a0: en Europe, en Am\u00e9rique, en Afrique, en Asie, d\u00e9voile des pans inconnus de sa vie en m\u00ealant exp\u00e9riences, transmission et r\u00e9silience, sur un ton all\u00e8gre malgr\u00e9 la gravit\u00e9 des sujets.\u00a0 Pour inspirer et encourager<\/p>","protected":false},"featured_media":14921,"comment_status":"open","ping_status":"closed","template":"","meta":[],"product_brand":[],"product_cat":[319],"product_tag":[255,257],"class_list":{"0":"post-14919","1":"product","2":"type-product","3":"status-publish","4":"has-post-thumbnail","6":"product_cat-life-journeys","7":"product_tag-french-francais","8":"product_tag-physical-book","9":"product_author-alaka-mbarak","11":"first","12":"instock","13":"taxable","14":"shipping-taxable","15":"purchasable","16":"product-type-variable","17":"has-default-attributes"},"_links":{"self":[{"href":"https:\/\/thechannelpress.ca\/fr\/wp-json\/wp\/v2\/product\/14919","targetHints":{"allow":["GET"]}}],"collection":[{"href":"https:\/\/thechannelpress.ca\/fr\/wp-json\/wp\/v2\/product"}],"about":[{"href":"https:\/\/thechannelpress.ca\/fr\/wp-json\/wp\/v2\/types\/product"}],"replies":[{"embeddable":true,"href":"https:\/\/thechannelpress.ca\/fr\/wp-json\/wp\/v2\/comments?post=14919"}],"wp:featuredmedia":[{"embeddable":true,"href":"https:\/\/thechannelpress.ca\/fr\/wp-json\/wp\/v2\/media\/14921"}],"wp:attachment":[{"href":"https:\/\/thechannelpress.ca\/fr\/wp-json\/wp\/v2\/media?parent=14919"}],"wp:term":[{"taxonomy":"product_brand","embeddable":true,"href":"https:\/\/thechannelpress.ca\/fr\/wp-json\/wp\/v2\/product_brand?post=14919"},{"taxonomy":"product_cat","embeddable":true,"href":"https:\/\/thechannelpress.ca\/fr\/wp-json\/wp\/v2\/product_cat?post=14919"},{"taxonomy":"product_tag","embeddable":true,"href":"https:\/\/thechannelpress.ca\/fr\/wp-json\/wp\/v2\/product_tag?post=14919"}],"curies":[{"name":"wp","href":"https:\/\/api.w.org\/{rel}","templated":true}]}}