{"id":14944,"date":"2026-03-19T11:33:47","date_gmt":"2026-03-19T15:33:47","guid":{"rendered":"https:\/\/thechannelpress.ca\/?post_type=product&#038;p=14944"},"modified":"2026-03-19T11:47:03","modified_gmt":"2026-03-19T15:47:03","slug":"lhistoire-en-question-entre-memoire-et-espoir","status":"publish","type":"product","link":"https:\/\/thechannelpress.ca\/fr\/produit\/lhistoire-en-question-entre-memoire-et-espoir\/","title":{"rendered":"L\u2019Histoire en question : entre m\u00e9moire et espoir"},"content":{"rendered":"<p>L\u2019ouvrage \u00ab\u00a0L\u2019Histoire en question\u00a0: entre m\u00e9moire et espoir\u00a0\u00bb aborde avec pertinence la question de la g\u00e9ographie du monde, depuis le commencement de l\u2019esclavage jusqu\u2019aux r\u00e9percussions de ce drame. Une trag\u00e9die v\u00e9cue avec douleur en Afrique, en Europe et aux Am\u00e9riques. Les routes terrestres et maritimes trac\u00e8rent une histoire qui a transform\u00e9 de fait la carte humaine du monde suite aux migrations forc\u00e9es, comme aux exploitations d\u2019esclavis\u00e9s sous l\u2019impulsion des forces d\u2019un capitalisme naissant. Les r\u00e9cits de r\u00e9silience et d\u2019endurance des d\u00e9racin\u00e9s demeurent singuliers en termes de t\u00e9moignages et de textes fictionnels puissants.<\/p>","protected":false},"excerpt":{"rendered":"<p>Ce livre explore les multiples facettes de la r\u00e9sistance des esclavis\u00e9s et de leurs descendants gr\u00e2ce \u00e0 des \u00e9crits autobiographiques, des r\u00e9cits de vie, des fictions, des essais sans n\u00e9gliger les visions politiques de figures telles que S\u00e9kou Tour\u00e9, Haile Selassie, Frantz Fanon, Kwame Nkrumah, Marcus Garvey, F\u00e9lix \u00c9bou\u00e9, Toussaint Louverture, Martin Luther King Jr., Rosa Parks, Malcolm X, Aim\u00e9 C\u00e9saire ou des s\u0153urs Nardal, entre autres.<\/p>","protected":false},"featured_media":14946,"comment_status":"open","ping_status":"closed","template":"","meta":[],"product_brand":[],"product_cat":[79],"product_tag":[255,257],"class_list":{"0":"post-14944","1":"product","2":"type-product","3":"status-publish","4":"has-post-thumbnail","6":"product_cat-critical-studies-in-literature","7":"product_tag-french-francais","8":"product_tag-physical-book","9":"product_author-benaouda-lebdai-et-maxime-vignon-dir","11":"first","12":"instock","13":"featured","14":"taxable","15":"shipping-taxable","16":"purchasable","17":"product-type-variable","18":"has-default-attributes"},"_links":{"self":[{"href":"https:\/\/thechannelpress.ca\/fr\/wp-json\/wp\/v2\/product\/14944","targetHints":{"allow":["GET"]}}],"collection":[{"href":"https:\/\/thechannelpress.ca\/fr\/wp-json\/wp\/v2\/product"}],"about":[{"href":"https:\/\/thechannelpress.ca\/fr\/wp-json\/wp\/v2\/types\/product"}],"replies":[{"embeddable":true,"href":"https:\/\/thechannelpress.ca\/fr\/wp-json\/wp\/v2\/comments?post=14944"}],"wp:featuredmedia":[{"embeddable":true,"href":"https:\/\/thechannelpress.ca\/fr\/wp-json\/wp\/v2\/media\/14946"}],"wp:attachment":[{"href":"https:\/\/thechannelpress.ca\/fr\/wp-json\/wp\/v2\/media?parent=14944"}],"wp:term":[{"taxonomy":"product_brand","embeddable":true,"href":"https:\/\/thechannelpress.ca\/fr\/wp-json\/wp\/v2\/product_brand?post=14944"},{"taxonomy":"product_cat","embeddable":true,"href":"https:\/\/thechannelpress.ca\/fr\/wp-json\/wp\/v2\/product_cat?post=14944"},{"taxonomy":"product_tag","embeddable":true,"href":"https:\/\/thechannelpress.ca\/fr\/wp-json\/wp\/v2\/product_tag?post=14944"}],"curies":[{"name":"wp","href":"https:\/\/api.w.org\/{rel}","templated":true}]}}