{"id":14961,"date":"2026-04-28T08:24:27","date_gmt":"2026-04-28T12:24:27","guid":{"rendered":"https:\/\/thechannelpress.ca\/?post_type=product&#038;p=14961"},"modified":"2026-04-28T09:26:51","modified_gmt":"2026-04-28T13:26:51","slug":"pour-apprendre-a-etre-et-a-vivre-ensemble","status":"publish","type":"product","link":"https:\/\/thechannelpress.ca\/fr\/produit\/pour-apprendre-a-etre-et-a-vivre-ensemble\/","title":{"rendered":"Pour apprendre \u00e0 \u00eatre et \u00e0 vivre ensemble"},"content":{"rendered":"<p>L\u2019enseignement doit \u00eatre un lieu de transmission des savoirs certes, mais \u00e9galement des traditions et des cultures. Si nous partons du principe que l\u2019enseignement nous concerne tous, nous ne pouvons douter \u00e0 aucun moment qu\u2019il est ce lieu d\u2019\u00e9ducation et d\u2019entr\u00e9e dans les cultures \u00e9trang\u00e8res, celles que nous ne connaissons pas, parce qu\u2019elles nous sont lointaines. C\u2019est alors que l\u2019enseignement joue le r\u00f4le essentiel dans la communication et les \u00e9changes. Il est \u00e9galement le lieu o\u00f9 rassemble celles et ceux qui viennent de territoires diff\u00e9rents.<\/p>","protected":false},"excerpt":{"rendered":"<p>Les articles dans cet ouvrage \u00e9voquent la diversit\u00e9 culturelle, l\u2019enseignement et le cin\u00e9ma dans leur capacit\u00e9 \u00e0 mener un combat efficace contre la barbarie qui menace le monde \u00e0 travers les <em>media<\/em>. La travers\u00e9e de l\u2019espoir, pour un meilleur avenir, n\u2019a pour chance que les textes litt\u00e9raires et les arts porteurs d\u2019antidotes puissants, capables d\u2019emp\u00eacher le mena\u00e7ant brouillard de pr\u00e9cipiter l\u2019humanit\u00e9 dans le d\u00e9senchantement.<\/p>","protected":false},"featured_media":14964,"comment_status":"open","ping_status":"closed","template":"","meta":[],"product_brand":[],"product_cat":[79],"product_tag":[334,255,257],"class_list":{"0":"post-14961","1":"product","2":"type-product","3":"status-publish","4":"has-post-thumbnail","6":"product_cat-critical-studies-in-literature","7":"product_tag-francais-portugues","8":"product_tag-french-francais","9":"product_tag-physical-book","10":"product_author-marie-rose-abomo-maurin","11":"product_author-ana-claudia-pacheco-de-andrade","12":"product_author-celeste-maria-pacheco-de-andrade","13":"product_author-christian-mbarga-owono","14":"product_author-humberto-luiz-lima-de-oliveira","15":"product_author-larissa-ribeiro-marques","17":"first","18":"instock","19":"taxable","20":"shipping-taxable","21":"purchasable","22":"product-type-variable","23":"has-default-attributes"},"_links":{"self":[{"href":"https:\/\/thechannelpress.ca\/fr\/wp-json\/wp\/v2\/product\/14961","targetHints":{"allow":["GET"]}}],"collection":[{"href":"https:\/\/thechannelpress.ca\/fr\/wp-json\/wp\/v2\/product"}],"about":[{"href":"https:\/\/thechannelpress.ca\/fr\/wp-json\/wp\/v2\/types\/product"}],"replies":[{"embeddable":true,"href":"https:\/\/thechannelpress.ca\/fr\/wp-json\/wp\/v2\/comments?post=14961"}],"wp:featuredmedia":[{"embeddable":true,"href":"https:\/\/thechannelpress.ca\/fr\/wp-json\/wp\/v2\/media\/14964"}],"wp:attachment":[{"href":"https:\/\/thechannelpress.ca\/fr\/wp-json\/wp\/v2\/media?parent=14961"}],"wp:term":[{"taxonomy":"product_brand","embeddable":true,"href":"https:\/\/thechannelpress.ca\/fr\/wp-json\/wp\/v2\/product_brand?post=14961"},{"taxonomy":"product_cat","embeddable":true,"href":"https:\/\/thechannelpress.ca\/fr\/wp-json\/wp\/v2\/product_cat?post=14961"},{"taxonomy":"product_tag","embeddable":true,"href":"https:\/\/thechannelpress.ca\/fr\/wp-json\/wp\/v2\/product_tag?post=14961"}],"curies":[{"name":"wp","href":"https:\/\/api.w.org\/{rel}","templated":true}]}}